{"id":108,"date":"2024-06-24T08:25:14","date_gmt":"2024-06-24T08:25:14","guid":{"rendered":"https:\/\/wm-nhf.ifzg.hr\/?page_id=108"},"modified":"2026-03-18T10:50:19","modified_gmt":"2026-03-18T10:50:19","slug":"publikacije","status":"publish","type":"page","link":"https:\/\/wm-nhf.ifzg.hr\/index.php\/publikacije\/","title":{"rendered":"Publikacije"},"content":{"rendered":"\n<p>Dario \u0160karica, <a href=\"https:\/\/hrcak.srce.hr\/en\/file\/498199\" target=\"_blank\" rel=\"noreferrer noopener\">\u00bbMercier i Zimmermannova kritika skepticizma\u00ab<\/a>, <em>Ka\u010di\u0107: Zbornik Franjeva\u010dke provincije Presvetog Otkupitelja<\/em>\u00a058\u201359 (2025\u20132026), 5\u201325.<\/p>\n\n\n\n<p>Ivana Skuhala Karasman, Luka Bor\u0161i\u0107, <a href=\"https:\/\/hrcak.srce.hr\/en\/file\/498614\" target=\"_blank\" rel=\"noreferrer noopener\">\u00bbElza Ku\u010dera i psihologija narod\u0101 \u2013 <em>V\u00f6lkerpsychologie<\/em>\u00ab<\/a>, <em>Nova prisutnost<\/em>\u00a024\/1 (2026), 37\u201351.<\/p>\n\n\n\n<p>Luka Bor\u0161i\u0107, Ivana Skuhala Karasman, <a href=\"https:\/\/czasopisma.uni.lodz.pl\/pnh\/article\/view\/27045\/28173\" data-type=\"link\" data-id=\"https:\/\/czasopisma.uni.lodz.pl\/pnh\/article\/view\/27045\/28173\" target=\"_blank\" rel=\"noreferrer noopener\">\u00bbElza Ku\u010dera and Two Distinguished Polish Women Intellectuals \u2013 Ludwika Izabela Dobrzy\u0144ska-Rybicka and Zofia Korczy\u0144ska\u00ab<\/a> <em>Review of Historical Sciences<\/em>\u00a0vol. XXIV, no. 2 (2025), 229\u2013243.<\/p>\n\n\n\n<p>Bernard Hosti\u0107, <a href=\"https:\/\/hrcak.srce.hr\/file\/492235\" data-type=\"link\" data-id=\"https:\/\/hrcak.srce.hr\/file\/492235\" target=\"_blank\" rel=\"noreferrer noopener\">\u00bbAlbert Bazala on the Philosophy and Psychology of Wilhelm Wundt\u00ab<\/a>, <em>Prilozi za istra\u017eivanje hrvatske filozofske ba\u0161tine<\/em>&nbsp;51\/2(102) (2025) 293\u2013303.<\/p>\n\n\n\n<p>Dario \u0160karica i Ivan Macut, <a href=\"https:\/\/content.ifzg.hr\/prilozi\/101\/02-Skarica-Macut-Mercier_and_Zimmermann_on_the_Relationship_between_Philosophy_and_Theology.pdf\" data-type=\"link\" data-id=\"https:\/\/content.ifzg.hr\/prilozi\/101\/02-Skarica-Macut-Mercier_and_Zimmermann_on_the_Relationship_between_Philosophy_and_Theology.pdf\" target=\"_blank\" rel=\"noreferrer noopener\">\u00bbMercier and Zimmermann on the Relationship between Philosophy and Theology\u00ab<\/a>, <em>Prilozi za istra\u017eivanje hrvatske filozofske ba\u0161tine <\/em>51\/1(101) (2025), 31\u201357.<\/p>\n\n\n\n<p>Ivana Skuhala Karasman, <a href=\"https:\/\/suvremena.nakladaslap.com\/public\/pdf\/2024-27-1-10.pdf\" data-type=\"link\" data-id=\"https:\/\/suvremena.nakladaslap.com\/public\/pdf\/2024-27-1-10.pdf\" target=\"_blank\" rel=\"noreferrer noopener\">\u00bbGjuro Arnold i njegov ud\u017ebenik <em>Psihologija za srednja u\u010dili\u0161ta <\/em>iz 1916. godine\u00ab<\/a>, <em>Suvremena psihologija<\/em>&nbsp;27\/1 (2024), 5\u201311.<\/p>\n\n\n\n<p>Luka Bor\u0161i\u0107, Ivana Skuhala Karasman, \u00bbOdvajanje psihologije od filozofije na primjeru Gjure Arnolda\u00ab, u Berislav Podrug (ur.), <em>Filozofsko djelo Gjure Arnolda<\/em>, Matica hrvatska, Zagreb, 2024, 77\u201389.<\/p>\n\n\n\n<p>Ivana Skuhala Karasman, <a href=\"https:\/\/hrcak.srce.hr\/file\/453185\" target=\"_blank\" rel=\"noreferrer noopener\">\u00bbGjuro Arnold o odnosu du\u0161e i tijela: Analiza ud\u017ebenika Psihologija za srednja u\u010dili\u0161ta\u00ab<\/a>, <em>Obnovljeni \u017divot<\/em> 79 (2024), 7\u201318.<\/p>\n\n\n\n<p>Bernard Hosti\u0107, <a href=\"https:\/\/content.ifzg.hr\/prilozi\/99\/16-Hostic-Josip_Weissgerber-Antropologija-Filozofija_o_covjeku.pdf\" target=\"_blank\" rel=\"noreferrer noopener\">\u00bbJosip Weissgerber, Antropologija: Filozofija o \u010dovjeku, Ivan \u0160estak, Luka Jane\u0161 i Ante Beli\u0107 (ur.) (Zagreb: Fakultet filozofije i religijskih znanosti, 2023), 339 pp.\u00ab,<\/a> <em>Prilozi za istra\u017eivanje hrvatske filozofske ba\u0161tine<\/em> 50\/1(99) (2024), 375\u2013380.<\/p>\n\n\n\n<p>Bernard Hosti\u0107, <a href=\"https:\/\/content.ifzg.hr\/prilozi\/99\/27-Hostic-Predavanje-Prvi_udzbenici_iz_psihologije_u_nas.pdf\" target=\"_blank\" rel=\"noreferrer noopener\">\u00bbPredavanje Prvi ud\u017ebenici iz psihologije u nas Pregrada, 16. svibnja 2024. Izvje\u0161taj\u00ab<\/a>, <em>Prilozi za istra\u017eivanje hrvatske filozofske ba\u0161tine<\/em> 50\/1(99) (2024), 449\u2013450.<\/p>\n\n\n\n<p>Bernard Hosti\u0107, <a href=\"https:\/\/content.ifzg.hr\/prilozi\/99\/28-Hostic-Predstavljanje_knjige_Stjepana_Kusara-Skriveni_Bog-Pokusaji_na_razmedu_filozofije_i_teologije.pdf\" target=\"_blank\" rel=\"noreferrer noopener\">\u00bbPredstavljanje knjige Stjepana Ku\u0161ara Skriveni Bog: Poku\u0161aji na razme\u0111u filozofije i teologije Zagreb, 24. svibnja 2024. Izvje\u0161taj\u00ab<\/a>, <em>Prilozi za istra\u017eivanje hrvatske filozofske ba\u0161tine<\/em> 50\/1(99) (2024), 451\u2013453.<\/p>\n\n\n\n<hr class=\"wp-block-separator has-text-color has-base-color has-alpha-channel-opacity has-base-background-color has-background\" style=\"margin-top:var(--wp--preset--spacing--40);margin-bottom:var(--wp--preset--spacing--40)\"\/>\n","protected":false},"excerpt":{"rendered":"<p>Dario \u0160karica, \u00bbMercier i Zimmermannova kritika skepticizma\u00ab, Ka\u010di\u0107: Zbornik Franjeva\u010dke provincije Presvetog Otkupitelja\u00a058\u201359 (2025\u20132026), 5\u201325. Ivana Skuhala Karasman, Luka Bor\u0161i\u0107, \u00bbElza Ku\u010dera i psihologija narod\u0101 \u2013 V\u00f6lkerpsychologie\u00ab, Nova prisutnost\u00a024\/1 (2026), 37\u201351. Luka Bor\u0161i\u0107, Ivana Skuhala Karasman, \u00bbElza Ku\u010dera and Two Distinguished Polish Women Intellectuals \u2013 Ludwika Izabela Dobrzy\u0144ska-Rybicka and Zofia Korczy\u0144ska\u00ab Review of Historical Sciences\u00a0vol. [&hellip;]<\/p>\n","protected":false},"author":1,"featured_media":0,"parent":0,"menu_order":0,"comment_status":"closed","ping_status":"closed","template":"","meta":{"footnotes":""},"class_list":["post-108","page","type-page","status-publish","hentry"],"_links":{"self":[{"href":"https:\/\/wm-nhf.ifzg.hr\/index.php\/wp-json\/wp\/v2\/pages\/108","targetHints":{"allow":["GET"]}}],"collection":[{"href":"https:\/\/wm-nhf.ifzg.hr\/index.php\/wp-json\/wp\/v2\/pages"}],"about":[{"href":"https:\/\/wm-nhf.ifzg.hr\/index.php\/wp-json\/wp\/v2\/types\/page"}],"author":[{"embeddable":true,"href":"https:\/\/wm-nhf.ifzg.hr\/index.php\/wp-json\/wp\/v2\/users\/1"}],"replies":[{"embeddable":true,"href":"https:\/\/wm-nhf.ifzg.hr\/index.php\/wp-json\/wp\/v2\/comments?post=108"}],"version-history":[{"count":9,"href":"https:\/\/wm-nhf.ifzg.hr\/index.php\/wp-json\/wp\/v2\/pages\/108\/revisions"}],"predecessor-version":[{"id":165,"href":"https:\/\/wm-nhf.ifzg.hr\/index.php\/wp-json\/wp\/v2\/pages\/108\/revisions\/165"}],"wp:attachment":[{"href":"https:\/\/wm-nhf.ifzg.hr\/index.php\/wp-json\/wp\/v2\/media?parent=108"}],"curies":[{"name":"wp","href":"https:\/\/api.w.org\/{rel}","templated":true}]}}