{"id":27,"date":"2024-01-19T10:58:01","date_gmt":"2024-01-19T10:58:01","guid":{"rendered":"https:\/\/wm-nhf.ifzg.hr\/?page_id=27"},"modified":"2024-03-05T14:02:26","modified_gmt":"2024-03-05T14:02:26","slug":"ciljevi","status":"publish","type":"page","link":"https:\/\/wm-nhf.ifzg.hr\/index.php\/ciljevi\/","title":{"rendered":"Ciljevi projekta"},"content":{"rendered":"<p style=\"padding-left: 40px;\"><span style=\"color: #339966;\">1. Istra\u017eiti recepciju Wilhelma Wundta u djelima Gjure Arnolda, Antuna Bauera, Alberta Bazale, Elze Ku\u010dere i Vladimira Dvornikovi\u0107a, i to:<\/span><\/p>\n<p style=\"padding-left: 80px;\">1.1. pokazati kakav je bio Arnoldov stav prema znanstvenoj psihologiji i Wundtovom poimanju te nove znanosti,<br \/>\n1.2. istra\u017eiti recepciju Wundta u djelima Antuna Bauera, i to poglavito u Bauerovoj kritici Wundtova metafizi\u010dkog sustava (Bauer, 1896, 1897. i 1900), prema sljede\u0107im trima glavnim temama: mi\u0161ljenje, spoznaja i supstancija.<br \/>\n1.3. istra\u017eiti recepciju Wundta u djelima Alberta Bazale, posebno na temelju njegova kra\u0107eg teksta o Wundtu (Bazala, 1921) i s obzirom na njegov boravak u Institutu za eksperimentalnu psihologiju u Leipzigu jo\u0161 za Wundtova \u017eivota,<br \/>\n1.4. istra\u017eiti recepciju Wundta u djelima Elze Ku\u010dere, posebice u njezinim tekstovima iz eksperimentalne psihologije i istra\u017eivanjima iz podru\u010dja V\u00f6lkerpsychologie,<br \/>\n1.5. istra\u017eiti recepciju Wundta u djelima Vladimira Dvornikovi\u0107a, posebice njegov kriti\u010dki odnos prema Wundtovom razumijevanju psihologije i filozofije.<\/p>\n<p style=\"padding-left: 40px;\"><span style=\"color: #339966;\">2. Istra\u017eiti utjecaj recepcije Wilhelma Wundta u djelima spomenutih hrvatskih filozofa na srednjo\u0161kolsko obrazovanje u Hrvatskoj.<\/span><\/p>\n<p style=\"padding-left: 40px;\"><span style=\"color: #339966;\">3. Istra\u017eiti Mercierov utjecaj na Zimmermannovu spoznajnu teoriju, i to:<\/span><\/p>\n<p style=\"padding-left: 80px;\">3.1. utvrditi u \u010demu je sve i kako Mercierova kritika skepticizma utjecala na Zimmermannovu, odnosno \u2013 s druge strane \u2013 u \u010demu se te dvije kritike razlikuju,<br \/>\n3.2. utvrditi u \u010demu je sve i kako Mercierovo opravdanje objektivizma utjecalo na Zimmermannovo opravdanje objektivizma, odnosno \u2013 s druge strane \u2013 u \u010demu tog utjecaja nije bilo,<br \/>\n3.3. utvrditi u kojoj je mjeri i u \u010demu sve Mercier svojim opravdanjem realizma (i kritikom idealizma) utjecao na Zimmermannovo opravdanje realizma (i kritiku idealizma), utvrditi u \u010demu su sve Mercierova razmatranja o odnosu izme\u0111u filozofije i objavljenih istina utjecala na Zimmermannova razmatranja o kr\u0161\u0107anskoj filozofiji.<\/p>\n\n\n<hr class=\"wp-block-separator has-text-color has-base-color has-alpha-channel-opacity has-base-background-color has-background\" style=\"margin-top:var(--wp--preset--spacing--40);margin-bottom:var(--wp--preset--spacing--40)\"\/>\n","protected":false},"excerpt":{"rendered":"<p>1. Istra\u017eiti recepciju Wilhelma Wundta u djelima Gjure Arnolda, Antuna Bauera, Alberta Bazale, Elze Ku\u010dere i Vladimira Dvornikovi\u0107a, i to: 1.1. pokazati kakav je bio Arnoldov stav prema znanstvenoj psihologiji i Wundtovom poimanju te nove znanosti, 1.2. istra\u017eiti recepciju Wundta u djelima Antuna Bauera, i to poglavito u Bauerovoj kritici Wundtova metafizi\u010dkog sustava (Bauer, 1896, [&hellip;]<\/p>\n","protected":false},"author":2,"featured_media":0,"parent":0,"menu_order":0,"comment_status":"closed","ping_status":"closed","template":"","meta":{"footnotes":""},"class_list":["post-27","page","type-page","status-publish","hentry"],"_links":{"self":[{"href":"https:\/\/wm-nhf.ifzg.hr\/index.php\/wp-json\/wp\/v2\/pages\/27","targetHints":{"allow":["GET"]}}],"collection":[{"href":"https:\/\/wm-nhf.ifzg.hr\/index.php\/wp-json\/wp\/v2\/pages"}],"about":[{"href":"https:\/\/wm-nhf.ifzg.hr\/index.php\/wp-json\/wp\/v2\/types\/page"}],"author":[{"embeddable":true,"href":"https:\/\/wm-nhf.ifzg.hr\/index.php\/wp-json\/wp\/v2\/users\/2"}],"replies":[{"embeddable":true,"href":"https:\/\/wm-nhf.ifzg.hr\/index.php\/wp-json\/wp\/v2\/comments?post=27"}],"version-history":[{"count":8,"href":"https:\/\/wm-nhf.ifzg.hr\/index.php\/wp-json\/wp\/v2\/pages\/27\/revisions"}],"predecessor-version":[{"id":88,"href":"https:\/\/wm-nhf.ifzg.hr\/index.php\/wp-json\/wp\/v2\/pages\/27\/revisions\/88"}],"wp:attachment":[{"href":"https:\/\/wm-nhf.ifzg.hr\/index.php\/wp-json\/wp\/v2\/media?parent=27"}],"curies":[{"name":"wp","href":"https:\/\/api.w.org\/{rel}","templated":true}]}}