{"id":47,"date":"2024-01-19T11:15:15","date_gmt":"2024-01-19T11:15:15","guid":{"rendered":"https:\/\/wm-nhf.ifzg.hr\/?page_id=47"},"modified":"2026-02-09T14:13:14","modified_gmt":"2026-02-09T14:13:14","slug":"dogadanja","status":"publish","type":"page","link":"https:\/\/wm-nhf.ifzg.hr\/index.php\/dogadanja\/","title":{"rendered":"Doga\u0111anja"},"content":{"rendered":"\n<p>Odr\u017ean radni sastanak, 3. velja\u010de 2026.<\/p>\n\n\n\n<div class=\"wp-block-columns is-layout-flex wp-container-core-columns-is-layout-28f84493 wp-block-columns-is-layout-flex\">\n<div class=\"wp-block-column is-layout-flow wp-block-column-is-layout-flow\">\n<figure class=\"wp-block-image size-large\"><img loading=\"lazy\" decoding=\"async\" width=\"1024\" height=\"768\" src=\"https:\/\/wm-nhf.ifzg.hr\/wp-content\/uploads\/2026\/02\/2_sastanak-20260203-1024x768.jpg\" alt=\"\" class=\"wp-image-159\" srcset=\"https:\/\/wm-nhf.ifzg.hr\/wp-content\/uploads\/2026\/02\/2_sastanak-20260203-1024x768.jpg 1024w, https:\/\/wm-nhf.ifzg.hr\/wp-content\/uploads\/2026\/02\/2_sastanak-20260203-300x225.jpg 300w, https:\/\/wm-nhf.ifzg.hr\/wp-content\/uploads\/2026\/02\/2_sastanak-20260203-768x576.jpg 768w, https:\/\/wm-nhf.ifzg.hr\/wp-content\/uploads\/2026\/02\/2_sastanak-20260203-1536x1152.jpg 1536w, https:\/\/wm-nhf.ifzg.hr\/wp-content\/uploads\/2026\/02\/2_sastanak-20260203.jpg 2048w\" sizes=\"auto, (max-width: 1024px) 100vw, 1024px\" \/><\/figure>\n<\/div>\n\n\n\n<div class=\"wp-block-column is-layout-flow wp-block-column-is-layout-flow\">\n<figure class=\"wp-block-image size-large\"><img loading=\"lazy\" decoding=\"async\" width=\"1024\" height=\"768\" src=\"https:\/\/wm-nhf.ifzg.hr\/wp-content\/uploads\/2026\/02\/1_sastanak-20260203-1024x768.jpg\" alt=\"\" class=\"wp-image-158\" srcset=\"https:\/\/wm-nhf.ifzg.hr\/wp-content\/uploads\/2026\/02\/1_sastanak-20260203-1024x768.jpg 1024w, https:\/\/wm-nhf.ifzg.hr\/wp-content\/uploads\/2026\/02\/1_sastanak-20260203-300x225.jpg 300w, https:\/\/wm-nhf.ifzg.hr\/wp-content\/uploads\/2026\/02\/1_sastanak-20260203-768x576.jpg 768w, https:\/\/wm-nhf.ifzg.hr\/wp-content\/uploads\/2026\/02\/1_sastanak-20260203-1536x1152.jpg 1536w, https:\/\/wm-nhf.ifzg.hr\/wp-content\/uploads\/2026\/02\/1_sastanak-20260203.jpg 2048w\" sizes=\"auto, (max-width: 1024px) 100vw, 1024px\" \/><\/figure>\n<\/div>\n<\/div>\n\n\n\n<hr class=\"wp-block-separator has-text-color has-base-color has-alpha-channel-opacity has-base-background-color has-background\" style=\"margin-top:var(--wp--preset--spacing--20);margin-bottom:var(--wp--preset--spacing--20)\"\/>\n\n\n\n<p>Kolokvij: Ivana Skuhala Karasman, \u201cVladimir Dvornikovi\u0107 o psihologiji\u201d, utorak, 3. velja\u010de 2026.<\/p>\n\n\n\n<div class=\"wp-block-columns is-layout-flex wp-container-core-columns-is-layout-28f84493 wp-block-columns-is-layout-flex\">\n<div class=\"wp-block-column is-layout-flow wp-block-column-is-layout-flow\">\n<figure class=\"wp-block-image size-large is-resized\"><img loading=\"lazy\" decoding=\"async\" width=\"768\" height=\"1024\" src=\"https:\/\/wm-nhf.ifzg.hr\/wp-content\/uploads\/2026\/02\/20260203-Kolokvij_Ivana-1-768x1024.jpg\" alt=\"\" class=\"wp-image-150\" style=\"width:250px\" srcset=\"https:\/\/wm-nhf.ifzg.hr\/wp-content\/uploads\/2026\/02\/20260203-Kolokvij_Ivana-1-768x1024.jpg 768w, https:\/\/wm-nhf.ifzg.hr\/wp-content\/uploads\/2026\/02\/20260203-Kolokvij_Ivana-1-225x300.jpg 225w, https:\/\/wm-nhf.ifzg.hr\/wp-content\/uploads\/2026\/02\/20260203-Kolokvij_Ivana-1-1152x1536.jpg 1152w, https:\/\/wm-nhf.ifzg.hr\/wp-content\/uploads\/2026\/02\/20260203-Kolokvij_Ivana-1.jpg 1536w\" sizes=\"auto, (max-width: 768px) 100vw, 768px\" \/><\/figure>\n<\/div>\n\n\n\n<div class=\"wp-block-column is-vertically-aligned-center is-layout-flow wp-block-column-is-layout-flow\">\n<figure class=\"wp-block-image size-large is-resized\"><img loading=\"lazy\" decoding=\"async\" width=\"1024\" height=\"768\" src=\"https:\/\/wm-nhf.ifzg.hr\/wp-content\/uploads\/2026\/02\/20260203-Kolokvija_Ivana-2-1024x768.jpg\" alt=\"\" class=\"wp-image-151\" style=\"width:400px\" srcset=\"https:\/\/wm-nhf.ifzg.hr\/wp-content\/uploads\/2026\/02\/20260203-Kolokvija_Ivana-2-1024x768.jpg 1024w, https:\/\/wm-nhf.ifzg.hr\/wp-content\/uploads\/2026\/02\/20260203-Kolokvija_Ivana-2-300x225.jpg 300w, https:\/\/wm-nhf.ifzg.hr\/wp-content\/uploads\/2026\/02\/20260203-Kolokvija_Ivana-2-768x576.jpg 768w, https:\/\/wm-nhf.ifzg.hr\/wp-content\/uploads\/2026\/02\/20260203-Kolokvija_Ivana-2-1536x1152.jpg 1536w, https:\/\/wm-nhf.ifzg.hr\/wp-content\/uploads\/2026\/02\/20260203-Kolokvija_Ivana-2.jpg 2048w\" sizes=\"auto, (max-width: 1024px) 100vw, 1024px\" \/><\/figure>\n<\/div>\n<\/div>\n\n\n\n<hr class=\"wp-block-separator has-text-color has-base-2-color has-alpha-channel-opacity has-base-2-background-color has-background\" style=\"margin-top:var(--wp--preset--spacing--20);margin-bottom:var(--wp--preset--spacing--20)\"\/>\n\n\n\n<p>Kolokvij: Dario \u0160karica, &#8220;Zimmermannova kritika asubjektivne logike&#8221;, srijeda, 21. sije\u010dnja 2026.<\/p>\n\n\n\n<div class=\"wp-block-columns is-layout-flex wp-container-core-columns-is-layout-28f84493 wp-block-columns-is-layout-flex\">\n<div class=\"wp-block-column is-layout-flow wp-block-column-is-layout-flow\">\n<figure class=\"wp-block-image size-large is-resized\"><img loading=\"lazy\" decoding=\"async\" width=\"768\" height=\"1024\" src=\"https:\/\/wm-nhf.ifzg.hr\/wp-content\/uploads\/2026\/01\/2_Skarica-20260121-768x1024.png\" alt=\"\" class=\"wp-image-144\" style=\"width:200px\" srcset=\"https:\/\/wm-nhf.ifzg.hr\/wp-content\/uploads\/2026\/01\/2_Skarica-20260121-768x1024.png 768w, https:\/\/wm-nhf.ifzg.hr\/wp-content\/uploads\/2026\/01\/2_Skarica-20260121-225x300.png 225w, https:\/\/wm-nhf.ifzg.hr\/wp-content\/uploads\/2026\/01\/2_Skarica-20260121-1152x1536.png 1152w, https:\/\/wm-nhf.ifzg.hr\/wp-content\/uploads\/2026\/01\/2_Skarica-20260121-1536x2048.png 1536w, https:\/\/wm-nhf.ifzg.hr\/wp-content\/uploads\/2026\/01\/2_Skarica-20260121-scaled.png 1920w\" sizes=\"auto, (max-width: 768px) 100vw, 768px\" \/><\/figure>\n<\/div>\n\n\n\n<div class=\"wp-block-column is-vertically-aligned-center is-layout-flow wp-block-column-is-layout-flow\">\n<figure class=\"wp-block-image aligncenter size-large\"><img loading=\"lazy\" decoding=\"async\" width=\"1024\" height=\"768\" src=\"https:\/\/wm-nhf.ifzg.hr\/wp-content\/uploads\/2026\/01\/1_Skarica-20260121--1024x768.png\" alt=\"\" class=\"wp-image-143\" style=\"object-fit:cover\" srcset=\"https:\/\/wm-nhf.ifzg.hr\/wp-content\/uploads\/2026\/01\/1_Skarica-20260121--1024x768.png 1024w, https:\/\/wm-nhf.ifzg.hr\/wp-content\/uploads\/2026\/01\/1_Skarica-20260121--300x225.png 300w, https:\/\/wm-nhf.ifzg.hr\/wp-content\/uploads\/2026\/01\/1_Skarica-20260121--768x576.png 768w, https:\/\/wm-nhf.ifzg.hr\/wp-content\/uploads\/2026\/01\/1_Skarica-20260121--1536x1152.png 1536w, https:\/\/wm-nhf.ifzg.hr\/wp-content\/uploads\/2026\/01\/1_Skarica-20260121--2048x1536.png 2048w\" sizes=\"auto, (max-width: 1024px) 100vw, 1024px\" \/><\/figure>\n<\/div>\n<\/div>\n\n\n\n<hr class=\"wp-block-separator has-text-color has-base-2-color has-alpha-channel-opacity has-base-2-background-color has-background\" style=\"margin-top:var(--wp--preset--spacing--20);margin-bottom:var(--wp--preset--spacing--20)\"\/>\n\n\n\n<p>Ivana Skuhala Karasman i Luka Bor\u0161i\u0107 odr\u017eali su predavanje &#8220;Tri \u017eivota Elze Ku\u010dere&#8221; na tribini&nbsp;<em>Eppur si muove<\/em>, Knji\u017enice grada Zagreba, 22. listopada 2025. godine.<\/p>\n\n\n\n<div class=\"wp-block-columns is-layout-flex wp-container-core-columns-is-layout-28f84493 wp-block-columns-is-layout-flex\">\n<div class=\"wp-block-column is-layout-flow wp-block-column-is-layout-flow\">\n<figure class=\"wp-block-image size-large\"><img loading=\"lazy\" decoding=\"async\" width=\"1024\" height=\"683\" src=\"https:\/\/wm-nhf.ifzg.hr\/wp-content\/uploads\/2025\/11\/1_Elza_Kucera-20251022-1024x683.jpg\" alt=\"\" class=\"wp-image-139\" srcset=\"https:\/\/wm-nhf.ifzg.hr\/wp-content\/uploads\/2025\/11\/1_Elza_Kucera-20251022-1024x683.jpg 1024w, https:\/\/wm-nhf.ifzg.hr\/wp-content\/uploads\/2025\/11\/1_Elza_Kucera-20251022-300x200.jpg 300w, https:\/\/wm-nhf.ifzg.hr\/wp-content\/uploads\/2025\/11\/1_Elza_Kucera-20251022-768x512.jpg 768w, https:\/\/wm-nhf.ifzg.hr\/wp-content\/uploads\/2025\/11\/1_Elza_Kucera-20251022-1536x1024.jpg 1536w, https:\/\/wm-nhf.ifzg.hr\/wp-content\/uploads\/2025\/11\/1_Elza_Kucera-20251022-2048x1365.jpg 2048w\" sizes=\"auto, (max-width: 1024px) 100vw, 1024px\" \/><\/figure>\n<\/div>\n\n\n\n<div class=\"wp-block-column is-layout-flow wp-block-column-is-layout-flow\">\n<figure class=\"wp-block-image size-large\"><img loading=\"lazy\" decoding=\"async\" width=\"1024\" height=\"683\" src=\"https:\/\/wm-nhf.ifzg.hr\/wp-content\/uploads\/2025\/11\/2_Elza_Kucera-20251022-1024x683.jpg\" alt=\"\" class=\"wp-image-140\" srcset=\"https:\/\/wm-nhf.ifzg.hr\/wp-content\/uploads\/2025\/11\/2_Elza_Kucera-20251022-1024x683.jpg 1024w, https:\/\/wm-nhf.ifzg.hr\/wp-content\/uploads\/2025\/11\/2_Elza_Kucera-20251022-300x200.jpg 300w, https:\/\/wm-nhf.ifzg.hr\/wp-content\/uploads\/2025\/11\/2_Elza_Kucera-20251022-768x512.jpg 768w, https:\/\/wm-nhf.ifzg.hr\/wp-content\/uploads\/2025\/11\/2_Elza_Kucera-20251022-1536x1024.jpg 1536w, https:\/\/wm-nhf.ifzg.hr\/wp-content\/uploads\/2025\/11\/2_Elza_Kucera-20251022-2048x1365.jpg 2048w\" sizes=\"auto, (max-width: 1024px) 100vw, 1024px\" \/><\/figure>\n<\/div>\n<\/div>\n\n\n\n<hr class=\"wp-block-separator has-text-color has-base-color has-alpha-channel-opacity has-base-background-color has-background\" style=\"margin-top:var(--wp--preset--spacing--20);margin-bottom:var(--wp--preset--spacing--20)\"\/>\n\n\n\n<p>Bernard Hosti\u0107 odr\u017eao je predavanje <em>Albert Bazala o filozofiji i psihologiji Wilhelma Wundta <\/em>u&nbsp;Pu\u010dkom otvorenom u\u010dili\u0161tu Pregrada u ponedjeljak 20. listopada 2025. godine u 18\u201900 sati.<\/p>\n\n\n\n<figure class=\"wp-block-image size-large is-resized\"><img loading=\"lazy\" decoding=\"async\" width=\"1024\" height=\"768\" src=\"https:\/\/wm-nhf.ifzg.hr\/wp-content\/uploads\/2025\/10\/1_Hostic-20251022-1024x768.jpg\" alt=\"\" class=\"wp-image-130\" style=\"object-fit:cover;width:1000px;height:500px\" srcset=\"https:\/\/wm-nhf.ifzg.hr\/wp-content\/uploads\/2025\/10\/1_Hostic-20251022-1024x768.jpg 1024w, https:\/\/wm-nhf.ifzg.hr\/wp-content\/uploads\/2025\/10\/1_Hostic-20251022-300x225.jpg 300w, https:\/\/wm-nhf.ifzg.hr\/wp-content\/uploads\/2025\/10\/1_Hostic-20251022-768x576.jpg 768w, https:\/\/wm-nhf.ifzg.hr\/wp-content\/uploads\/2025\/10\/1_Hostic-20251022-1536x1152.jpg 1536w, https:\/\/wm-nhf.ifzg.hr\/wp-content\/uploads\/2025\/10\/1_Hostic-20251022.jpg 2040w\" sizes=\"auto, (max-width: 1024px) 100vw, 1024px\" \/><\/figure>\n\n\n\n<div class=\"wp-block-columns is-layout-flex wp-container-core-columns-is-layout-28f84493 wp-block-columns-is-layout-flex\">\n<div class=\"wp-block-column is-layout-flow wp-block-column-is-layout-flow\">\n<figure class=\"wp-block-image size-large\"><img loading=\"lazy\" decoding=\"async\" width=\"1024\" height=\"768\" src=\"https:\/\/wm-nhf.ifzg.hr\/wp-content\/uploads\/2025\/10\/3_Hostic-20251022-1024x768.jpg\" alt=\"\" class=\"wp-image-132\" srcset=\"https:\/\/wm-nhf.ifzg.hr\/wp-content\/uploads\/2025\/10\/3_Hostic-20251022-1024x768.jpg 1024w, https:\/\/wm-nhf.ifzg.hr\/wp-content\/uploads\/2025\/10\/3_Hostic-20251022-300x225.jpg 300w, https:\/\/wm-nhf.ifzg.hr\/wp-content\/uploads\/2025\/10\/3_Hostic-20251022-768x576.jpg 768w, https:\/\/wm-nhf.ifzg.hr\/wp-content\/uploads\/2025\/10\/3_Hostic-20251022-1536x1152.jpg 1536w, https:\/\/wm-nhf.ifzg.hr\/wp-content\/uploads\/2025\/10\/3_Hostic-20251022.jpg 2040w\" sizes=\"auto, (max-width: 1024px) 100vw, 1024px\" \/><\/figure>\n<\/div>\n\n\n\n<div class=\"wp-block-column is-layout-flow wp-block-column-is-layout-flow\">\n<figure class=\"wp-block-image size-large\"><img loading=\"lazy\" decoding=\"async\" width=\"1024\" height=\"768\" src=\"https:\/\/wm-nhf.ifzg.hr\/wp-content\/uploads\/2025\/10\/4_Hostic-20251022-1024x768.jpg\" alt=\"\" class=\"wp-image-133\" srcset=\"https:\/\/wm-nhf.ifzg.hr\/wp-content\/uploads\/2025\/10\/4_Hostic-20251022-1024x768.jpg 1024w, https:\/\/wm-nhf.ifzg.hr\/wp-content\/uploads\/2025\/10\/4_Hostic-20251022-300x225.jpg 300w, https:\/\/wm-nhf.ifzg.hr\/wp-content\/uploads\/2025\/10\/4_Hostic-20251022-768x576.jpg 768w, https:\/\/wm-nhf.ifzg.hr\/wp-content\/uploads\/2025\/10\/4_Hostic-20251022-1536x1152.jpg 1536w, https:\/\/wm-nhf.ifzg.hr\/wp-content\/uploads\/2025\/10\/4_Hostic-20251022.jpg 2040w\" sizes=\"auto, (max-width: 1024px) 100vw, 1024px\" \/><\/figure>\n<\/div>\n<\/div>\n\n\n\n<div class=\"wp-block-columns is-layout-flex wp-container-core-columns-is-layout-28f84493 wp-block-columns-is-layout-flex\">\n<div class=\"wp-block-column is-layout-flow wp-block-column-is-layout-flow\">\n<figure class=\"wp-block-image size-large\"><img loading=\"lazy\" decoding=\"async\" width=\"768\" height=\"1024\" src=\"https:\/\/wm-nhf.ifzg.hr\/wp-content\/uploads\/2025\/10\/2_Hostic-20251022-768x1024.jpg\" alt=\"\" class=\"wp-image-131\" srcset=\"https:\/\/wm-nhf.ifzg.hr\/wp-content\/uploads\/2025\/10\/2_Hostic-20251022-768x1024.jpg 768w, https:\/\/wm-nhf.ifzg.hr\/wp-content\/uploads\/2025\/10\/2_Hostic-20251022-225x300.jpg 225w, https:\/\/wm-nhf.ifzg.hr\/wp-content\/uploads\/2025\/10\/2_Hostic-20251022-1152x1536.jpg 1152w, https:\/\/wm-nhf.ifzg.hr\/wp-content\/uploads\/2025\/10\/2_Hostic-20251022.jpg 1530w\" sizes=\"auto, (max-width: 768px) 100vw, 768px\" \/><\/figure>\n<\/div>\n\n\n\n<div class=\"wp-block-column is-layout-flow wp-block-column-is-layout-flow\">\n<figure class=\"wp-block-image size-large\"><img loading=\"lazy\" decoding=\"async\" width=\"768\" height=\"1024\" src=\"https:\/\/wm-nhf.ifzg.hr\/wp-content\/uploads\/2025\/10\/5_Hostic-20251022-768x1024.jpg\" alt=\"\" class=\"wp-image-134\" srcset=\"https:\/\/wm-nhf.ifzg.hr\/wp-content\/uploads\/2025\/10\/5_Hostic-20251022-768x1024.jpg 768w, https:\/\/wm-nhf.ifzg.hr\/wp-content\/uploads\/2025\/10\/5_Hostic-20251022-225x300.jpg 225w, https:\/\/wm-nhf.ifzg.hr\/wp-content\/uploads\/2025\/10\/5_Hostic-20251022-1152x1536.jpg 1152w, https:\/\/wm-nhf.ifzg.hr\/wp-content\/uploads\/2025\/10\/5_Hostic-20251022.jpg 1530w\" sizes=\"auto, (max-width: 768px) 100vw, 768px\" \/><\/figure>\n<\/div>\n<\/div>\n\n\n\n<hr class=\"wp-block-separator has-text-color has-base-color has-alpha-channel-opacity has-base-background-color has-background\" style=\"margin-top:var(--wp--preset--spacing--20);margin-bottom:var(--wp--preset--spacing--20)\"\/>\n\n\n\n<hr class=\"wp-block-separator has-text-color has-base-color has-alpha-channel-opacity has-base-background-color has-background\" style=\"margin-top:var(--wp--preset--spacing--20);margin-bottom:var(--wp--preset--spacing--20)\"\/>\n\n\n\n<p>Ivana Skuhala Karasman i Luka Bor\u0161i\u0107 odr\u017eali su predavanje <em>Breaking Barriers: The Unconventional Life of dr. sc. Elza Ku\u010dera<\/em>, Instiute of Philosophy, HUN-REN, Research Centre for the Humanities, Budimpe\u0161ta, Ma\u0111arska, 4. velja\u010de 2025.<\/p>\n\n\n\n<figure class=\"wp-block-image size-large\"><img loading=\"lazy\" decoding=\"async\" width=\"1024\" height=\"769\" src=\"https:\/\/wm-nhf.ifzg.hr\/wp-content\/uploads\/2025\/02\/IMG_20250204_135123-1024x769.jpg\" alt=\"\" class=\"wp-image-121\" srcset=\"https:\/\/wm-nhf.ifzg.hr\/wp-content\/uploads\/2025\/02\/IMG_20250204_135123-1024x769.jpg 1024w, https:\/\/wm-nhf.ifzg.hr\/wp-content\/uploads\/2025\/02\/IMG_20250204_135123-300x225.jpg 300w, https:\/\/wm-nhf.ifzg.hr\/wp-content\/uploads\/2025\/02\/IMG_20250204_135123-768x577.jpg 768w, https:\/\/wm-nhf.ifzg.hr\/wp-content\/uploads\/2025\/02\/IMG_20250204_135123-1536x1153.jpg 1536w, https:\/\/wm-nhf.ifzg.hr\/wp-content\/uploads\/2025\/02\/IMG_20250204_135123.jpg 1917w\" sizes=\"auto, (max-width: 1024px) 100vw, 1024px\" \/><\/figure>\n\n\n\n<hr class=\"wp-block-separator has-text-color has-base-color has-alpha-channel-opacity has-base-background-color has-background\" style=\"margin-top:var(--wp--preset--spacing--20);margin-bottom:var(--wp--preset--spacing--20)\"\/>\n\n\n\n<hr class=\"wp-block-separator has-text-color has-base-color has-alpha-channel-opacity has-base-background-color has-background\" style=\"margin-top:var(--wp--preset--spacing--20);margin-bottom:var(--wp--preset--spacing--20)\"\/>\n\n\n\n<p>Sastanak suradnika na projektu 8. srpnja 2024. godine.<\/p>\n\n\n\n<figure class=\"wp-block-image size-large\"><img loading=\"lazy\" decoding=\"async\" width=\"1024\" height=\"768\" src=\"https:\/\/wm-nhf.ifzg.hr\/wp-content\/uploads\/2024\/07\/20240708-1024x768.jpg\" alt=\"\" class=\"wp-image-113\" srcset=\"https:\/\/wm-nhf.ifzg.hr\/wp-content\/uploads\/2024\/07\/20240708-1024x768.jpg 1024w, https:\/\/wm-nhf.ifzg.hr\/wp-content\/uploads\/2024\/07\/20240708-300x225.jpg 300w, https:\/\/wm-nhf.ifzg.hr\/wp-content\/uploads\/2024\/07\/20240708-768x576.jpg 768w, https:\/\/wm-nhf.ifzg.hr\/wp-content\/uploads\/2024\/07\/20240708-1536x1152.jpg 1536w, https:\/\/wm-nhf.ifzg.hr\/wp-content\/uploads\/2024\/07\/20240708.jpg 1600w\" sizes=\"auto, (max-width: 1024px) 100vw, 1024px\" \/><\/figure>\n\n\n\n<hr class=\"wp-block-separator has-text-color has-base-color has-alpha-channel-opacity has-base-background-color has-background\" style=\"margin-top:var(--wp--preset--spacing--20);margin-bottom:var(--wp--preset--spacing--20)\"\/>\n\n\n\n<hr class=\"wp-block-separator has-text-color has-base-color has-alpha-channel-opacity has-base-background-color has-background\" style=\"margin-top:var(--wp--preset--spacing--20);margin-bottom:var(--wp--preset--spacing--20)\"\/>\n\n\n\n<p>Ivana Skuhala Karasman odr\u017eala je predavanje <em>Prvi ud\u017ebenici iz psihologije u nas<\/em>&nbsp;u Pu\u010dkom otvorenom u\u010dili\u0161tu u Pregradi, 16. svibnja 2024. godine.<\/p>\n\n\n\n<p><img loading=\"lazy\" decoding=\"async\" width=\"310\" height=\"465\" class=\"wp-image-96\" style=\"width: 310px;\" src=\"https:\/\/wm-nhf.ifzg.hr\/wp-content\/uploads\/2024\/05\/Pregrada_1.jpg\" alt=\"\" srcset=\"https:\/\/wm-nhf.ifzg.hr\/wp-content\/uploads\/2024\/05\/Pregrada_1.jpg 1333w, https:\/\/wm-nhf.ifzg.hr\/wp-content\/uploads\/2024\/05\/Pregrada_1-200x300.jpg 200w, https:\/\/wm-nhf.ifzg.hr\/wp-content\/uploads\/2024\/05\/Pregrada_1-682x1024.jpg 682w, https:\/\/wm-nhf.ifzg.hr\/wp-content\/uploads\/2024\/05\/Pregrada_1-768x1152.jpg 768w, https:\/\/wm-nhf.ifzg.hr\/wp-content\/uploads\/2024\/05\/Pregrada_1-1024x1536.jpg 1024w\" sizes=\"auto, (max-width: 310px) 100vw, 310px\" \/><img loading=\"lazy\" decoding=\"async\" width=\"310\" height=\"465\" class=\"wp-image-97\" style=\"width: 310px;\" src=\"https:\/\/wm-nhf.ifzg.hr\/wp-content\/uploads\/2024\/05\/Pregrada_2.jpg\" alt=\"\" srcset=\"https:\/\/wm-nhf.ifzg.hr\/wp-content\/uploads\/2024\/05\/Pregrada_2.jpg 1333w, https:\/\/wm-nhf.ifzg.hr\/wp-content\/uploads\/2024\/05\/Pregrada_2-200x300.jpg 200w, https:\/\/wm-nhf.ifzg.hr\/wp-content\/uploads\/2024\/05\/Pregrada_2-682x1024.jpg 682w, https:\/\/wm-nhf.ifzg.hr\/wp-content\/uploads\/2024\/05\/Pregrada_2-768x1152.jpg 768w, https:\/\/wm-nhf.ifzg.hr\/wp-content\/uploads\/2024\/05\/Pregrada_2-1024x1536.jpg 1024w\" sizes=\"auto, (max-width: 310px) 100vw, 310px\" \/><\/p>\n\n\n\n<figure class=\"wp-block-image size-large\"><img loading=\"lazy\" decoding=\"async\" width=\"1024\" height=\"687\" src=\"https:\/\/wm-nhf.ifzg.hr\/wp-content\/uploads\/2024\/05\/Pregrada_3-1024x687.jpg\" alt=\"\" class=\"wp-image-98\" srcset=\"https:\/\/wm-nhf.ifzg.hr\/wp-content\/uploads\/2024\/05\/Pregrada_3-1024x687.jpg 1024w, https:\/\/wm-nhf.ifzg.hr\/wp-content\/uploads\/2024\/05\/Pregrada_3-300x201.jpg 300w, https:\/\/wm-nhf.ifzg.hr\/wp-content\/uploads\/2024\/05\/Pregrada_3-768x515.jpg 768w, https:\/\/wm-nhf.ifzg.hr\/wp-content\/uploads\/2024\/05\/Pregrada_3-1536x1030.jpg 1536w, https:\/\/wm-nhf.ifzg.hr\/wp-content\/uploads\/2024\/05\/Pregrada_3-2048x1373.jpg 2048w\" sizes=\"auto, (max-width: 1024px) 100vw, 1024px\" \/><\/figure>\n\n\n\n<figure class=\"wp-block-image size-large\"><img loading=\"lazy\" decoding=\"async\" width=\"1024\" height=\"682\" src=\"https:\/\/wm-nhf.ifzg.hr\/wp-content\/uploads\/2024\/05\/Pregrada_4-1024x682.jpg\" alt=\"\" class=\"wp-image-99\" srcset=\"https:\/\/wm-nhf.ifzg.hr\/wp-content\/uploads\/2024\/05\/Pregrada_4-1024x682.jpg 1024w, https:\/\/wm-nhf.ifzg.hr\/wp-content\/uploads\/2024\/05\/Pregrada_4-300x200.jpg 300w, https:\/\/wm-nhf.ifzg.hr\/wp-content\/uploads\/2024\/05\/Pregrada_4-768x512.jpg 768w, https:\/\/wm-nhf.ifzg.hr\/wp-content\/uploads\/2024\/05\/Pregrada_4-1536x1024.jpg 1536w, https:\/\/wm-nhf.ifzg.hr\/wp-content\/uploads\/2024\/05\/Pregrada_4.jpg 2000w\" sizes=\"auto, (max-width: 1024px) 100vw, 1024px\" \/><\/figure>\n\n\n\n<hr class=\"wp-block-separator has-text-color has-base-color has-alpha-channel-opacity has-base-background-color has-background\" style=\"margin-top:var(--wp--preset--spacing--20);margin-bottom:var(--wp--preset--spacing--20)\"\/>\n\n\n\n<hr class=\"wp-block-separator has-text-color has-base-color has-alpha-channel-opacity has-base-background-color has-background\" style=\"margin-top:var(--wp--preset--spacing--20);margin-bottom:var(--wp--preset--spacing--20)\"\/>\n\n\n\n<p>Ivana Skuhala Karasman, &#8220;Gjuro Arnold o odnosu du\u0161e i tijela&#8221;, <em>Kozmos i etos<\/em>, 3. program Hrvatskog radija, emitirano 29. velja\u010de 2024. godine.<\/p>\n\n\n\n<hr class=\"wp-block-separator has-text-color has-base-color has-alpha-channel-opacity has-base-background-color has-background\" style=\"margin-top:var(--wp--preset--spacing--20);margin-bottom:var(--wp--preset--spacing--20)\"\/>\n\n\n\n<p>Kolokvij: Predstavljanje projekta &#8220;Wundt, Mercier i novija hrvatska filozofija&#8221;, srijeda, 7. velja\u010de 2024. u 11\u201900 sati, V. kat.<\/p>\n\n\n\n<figure class=\"wp-block-image size-large\"><img loading=\"lazy\" decoding=\"async\" width=\"1024\" height=\"768\" src=\"https:\/\/wm-nhf.ifzg.hr\/wp-content\/uploads\/2024\/02\/WhatsApp-Image-2024-02-08-at-11.55.07-1024x768.jpeg\" alt=\"\" class=\"wp-image-81\" srcset=\"https:\/\/wm-nhf.ifzg.hr\/wp-content\/uploads\/2024\/02\/WhatsApp-Image-2024-02-08-at-11.55.07-1024x768.jpeg 1024w, https:\/\/wm-nhf.ifzg.hr\/wp-content\/uploads\/2024\/02\/WhatsApp-Image-2024-02-08-at-11.55.07-300x225.jpeg 300w, https:\/\/wm-nhf.ifzg.hr\/wp-content\/uploads\/2024\/02\/WhatsApp-Image-2024-02-08-at-11.55.07-768x576.jpeg 768w, https:\/\/wm-nhf.ifzg.hr\/wp-content\/uploads\/2024\/02\/WhatsApp-Image-2024-02-08-at-11.55.07-1536x1152.jpeg 1536w, https:\/\/wm-nhf.ifzg.hr\/wp-content\/uploads\/2024\/02\/WhatsApp-Image-2024-02-08-at-11.55.07.jpeg 2048w\" sizes=\"auto, (max-width: 1024px) 100vw, 1024px\" \/><\/figure>\n\n\n\n<hr class=\"wp-block-separator has-text-color has-base-color has-alpha-channel-opacity has-base-background-color has-background\" style=\"margin-top:var(--wp--preset--spacing--40);margin-bottom:var(--wp--preset--spacing--40)\"\/>\n","protected":false},"excerpt":{"rendered":"<p>Odr\u017ean radni sastanak, 3. velja\u010de 2026. Kolokvij: Ivana Skuhala Karasman, \u201cVladimir Dvornikovi\u0107 o psihologiji\u201d, utorak, 3. velja\u010de 2026. Kolokvij: Dario \u0160karica, &#8220;Zimmermannova kritika asubjektivne logike&#8221;, srijeda, 21. sije\u010dnja 2026. Ivana Skuhala Karasman i Luka Bor\u0161i\u0107 odr\u017eali su predavanje &#8220;Tri \u017eivota Elze Ku\u010dere&#8221; na tribini&nbsp;Eppur si muove, Knji\u017enice grada Zagreba, 22. listopada 2025. godine. Bernard Hosti\u0107 [&hellip;]<\/p>\n","protected":false},"author":2,"featured_media":0,"parent":0,"menu_order":0,"comment_status":"closed","ping_status":"closed","template":"","meta":{"footnotes":""},"class_list":["post-47","page","type-page","status-publish","hentry"],"_links":{"self":[{"href":"https:\/\/wm-nhf.ifzg.hr\/index.php\/wp-json\/wp\/v2\/pages\/47","targetHints":{"allow":["GET"]}}],"collection":[{"href":"https:\/\/wm-nhf.ifzg.hr\/index.php\/wp-json\/wp\/v2\/pages"}],"about":[{"href":"https:\/\/wm-nhf.ifzg.hr\/index.php\/wp-json\/wp\/v2\/types\/page"}],"author":[{"embeddable":true,"href":"https:\/\/wm-nhf.ifzg.hr\/index.php\/wp-json\/wp\/v2\/users\/2"}],"replies":[{"embeddable":true,"href":"https:\/\/wm-nhf.ifzg.hr\/index.php\/wp-json\/wp\/v2\/comments?post=47"}],"version-history":[{"count":20,"href":"https:\/\/wm-nhf.ifzg.hr\/index.php\/wp-json\/wp\/v2\/pages\/47\/revisions"}],"predecessor-version":[{"id":161,"href":"https:\/\/wm-nhf.ifzg.hr\/index.php\/wp-json\/wp\/v2\/pages\/47\/revisions\/161"}],"wp:attachment":[{"href":"https:\/\/wm-nhf.ifzg.hr\/index.php\/wp-json\/wp\/v2\/media?parent=47"}],"curies":[{"name":"wp","href":"https:\/\/api.w.org\/{rel}","templated":true}]}}